{"id":21487,"date":"2025-11-05T21:30:47","date_gmt":"2025-11-05T21:30:47","guid":{"rendered":"https:\/\/tecnologicoav.com\/site\/?page_id=21487"},"modified":"2025-11-07T20:21:10","modified_gmt":"2025-11-07T20:21:10","slug":"pasantias","status":"publish","type":"page","link":"https:\/\/tecnologicoav.com\/site\/pasantias\/","title":{"rendered":"Pasant\u00edas"},"content":{"rendered":"\t\t<div data-elementor-type=\"wp-page\" data-elementor-id=\"21487\" class=\"elementor elementor-21487\">\n\t\t\t\t<div class=\"elementor-element elementor-element-0569161 e-flex e-con-boxed e-con e-parent\" data-id=\"0569161\" data-element_type=\"container\" data-e-type=\"container\">\n\t\t\t\t\t<div class=\"e-con-inner\">\n\t\t\t\t<div class=\"elementor-element elementor-element-d08d474 elementor-widget elementor-widget-heading\" data-id=\"d08d474\" data-element_type=\"widget\" data-e-type=\"widget\" data-widget_type=\"heading.default\">\n\t\t\t\t<div class=\"elementor-widget-container\">\n\t\t\t\t\t<h2 class=\"elementor-heading-title elementor-size-default\">Pasant\u00edas Profesionales<\/h2>\t\t\t\t<\/div>\n\t\t\t\t<\/div>\n\t\t\t\t<div class=\"elementor-element elementor-element-c1b4f10 elementor-widget elementor-widget-text-editor\" data-id=\"c1b4f10\" data-element_type=\"widget\" data-e-type=\"widget\" data-widget_type=\"text-editor.default\">\n\t\t\t\t<div class=\"elementor-widget-container\">\n\t\t\t\t\t\t\t\t\t<p>Las pasant\u00edas profesionales marcan un hito fundamental en tu carrera dentro del Tecnol\u00f3gico Am\u00e9rico Vespucio. Representan el <b>puente decisivo entre la teor\u00eda adquirida en el aula y la pr\u00e1ctica real<\/b> en el competitivo mundo laboral.<\/p><p>Este es el escenario donde podr\u00e1s aplicar tus conocimientos, desarrollar nuevas competencias, fortalecer tu \u00e9tica de trabajo y obtener una visi\u00f3n clara de los desaf\u00edos y oportunidades de tu futura profesi\u00f3n.<\/p><p>Como requisito indispensable para culminar tu formaci\u00f3n y obtener tu t\u00edtulo, es vital que este proceso se realice de manera ordenada, responsable y exitosa. Con el fin de guiarte paso a paso y asegurar que cumplas con todos los lineamientos, hemos dise\u00f1ado el siguiente manual.<\/p><p>A continuaci\u00f3n, encontrar\u00e1s detallados todos los <b>procedimientos, normativas y requisitos<\/b> que deber\u00e1s gestionar para la inscripci\u00f3n, ejecuci\u00f3n y aprobaci\u00f3n satisfactoria de tu pasant\u00eda profesional. Te invitamos a leer esta gu\u00eda con detenimiento para que tu incorporaci\u00f3n al campo laboral sea todo un \u00e9xito.<\/p>\t\t\t\t\t\t\t\t<\/div>\n\t\t\t\t<\/div>\n\t\t\t\t\t<\/div>\n\t\t\t\t<\/div>\n\t\t\t\t<section class=\"elementor-section elementor-top-section elementor-element elementor-element-ef54c79 elementor-section-boxed elementor-section-height-default elementor-section-height-default\" data-id=\"ef54c79\" data-element_type=\"section\" data-e-type=\"section\">\n\t\t\t\t\t\t<div class=\"elementor-container elementor-column-gap-default\">\n\t\t\t\t\t<div class=\"elementor-column elementor-col-50 elementor-top-column elementor-element elementor-element-5449a47\" data-id=\"5449a47\" data-element_type=\"column\" data-e-type=\"column\">\n\t\t\t<div class=\"elementor-widget-wrap elementor-element-populated\">\n\t\t\t\t\t\t<div class=\"elementor-element-custom_font_size elementor-element-custom_font_weight elementor-element elementor-element-3410cb1 elementor-widget elementor-widget-text-editor\" data-id=\"3410cb1\" data-element_type=\"widget\" data-e-type=\"widget\" data-widget_type=\"text-editor.default\">\n\t\t\t\t<div class=\"elementor-widget-container\">\n\t\t\t\t\t\t\t\t\t<h5>PASANT\u00cdA<\/h5>\t\t\t\t\t\t\t\t<\/div>\n\t\t\t\t<\/div>\n\t\t\t\t<div class=\"elementor-element elementor-element-fa2d9b3 elementor-widget elementor-widget-heading\" data-id=\"fa2d9b3\" data-element_type=\"widget\" data-e-type=\"widget\" data-widget_type=\"heading.default\">\n\t\t\t\t<div class=\"elementor-widget-container\">\n\t\t\t\t\t<h2 class=\"elementor-heading-title elementor-size-default\">PROCEDIMIENTOS PARA LA CONSIGNACI\u00d3N<\/h2>\t\t\t\t<\/div>\n\t\t\t\t<\/div>\n\t\t\t\t<div class=\"elementor-element-custom_font_size elementor-element elementor-element-28a637c elementor-widget elementor-widget-text-editor\" data-id=\"28a637c\" data-element_type=\"widget\" data-e-type=\"widget\" data-widget_type=\"text-editor.default\">\n\t\t\t\t<div class=\"elementor-widget-container\">\n\t\t\t\t\t\t\t\t\t<div><p>Es importante destacar que al momento de iniciar el proceso de\u00a0 realizaci\u00f3n de las Pasant\u00edas\u00a0 el estudiante debe revisar a profundidad las\u00a0Normas para la Realizaci\u00f3n y Presentaci\u00f3n de Pasant\u00edas, que se encuentran en la parte inferior de este art\u00edculo.<\/p><\/div><div><ol><li>Planilla<strong> de Inscripci\u00f3n y Carta de Postulaci\u00f3n a Pasant\u00edas<\/strong>: Descargar el formato,\u00a0completar correctamente en digital, firmadas por el estudiante. Imprimir 2 copias y consignar ante la Divisi\u00f3n junto con 1 copia de la Constancia de Inscripci\u00f3n vigente emitida por Control de Estudios.<\/li><li><strong>Carta de Aceptaci\u00f3n a Pasant\u00edas<\/strong>: Descargar el formato,\u00a0 completar correctamente en digital, imprimir 2 copias y consignar ante la Divisi\u00f3n.<\/li><\/ol><\/div><div><strong>Nota:\u00a0<\/strong>Tambi\u00e9n se reciben las cartas emitidas directamente por la empresa que acepta al pasante; siempre y cuando contenga la siguiente informaci\u00f3n: datos completos de identificaci\u00f3n del pasante, datos completos de identificaci\u00f3n de la empresa, fecha de inicio y fin de la pasant\u00eda especificando la cantidad de semanas y horas a desempe\u00f1ar por el pasante, evidenciado las\u00a0 320 horas en medio tiempo o tiempo completo que \u00e9ste cumplir\u00e1 en la empresa, cargo a desempe\u00f1ar y departamento al que estar\u00e1 adscrito, datos del tutor empresarial y firma y sello de quien emite la aceptaci\u00f3n.\u00a0<\/div>\t\t\t\t\t\t\t\t<\/div>\n\t\t\t\t<\/div>\n\t\t\t\t\t<\/div>\n\t\t<\/div>\n\t\t\t\t<div class=\"elementor-column elementor-col-50 elementor-top-column elementor-element elementor-element-ef9f6a7\" data-id=\"ef9f6a7\" data-element_type=\"column\" data-e-type=\"column\">\n\t\t\t<div class=\"elementor-widget-wrap elementor-element-populated\">\n\t\t\t\t\t\t<div class=\"elementor-element elementor-element-84c663f elementor-widget elementor-widget-image\" data-id=\"84c663f\" data-element_type=\"widget\" data-e-type=\"widget\" data-widget_type=\"image.default\">\n\t\t\t\t<div class=\"elementor-widget-container\">\n\t\t\t\t\t\t\t\t\t\t\t\t\t\t\t<img fetchpriority=\"high\" decoding=\"async\" width=\"556\" height=\"600\" src=\"https:\/\/tecnologicoav.com\/site\/wp-content\/uploads\/2025\/11\/doc_weba.jpg\" class=\"attachment-large size-large wp-image-21608\" alt=\"\" srcset=\"https:\/\/tecnologicoav.com\/site\/wp-content\/uploads\/2025\/11\/doc_weba.jpg 556w, https:\/\/tecnologicoav.com\/site\/wp-content\/uploads\/2025\/11\/doc_weba-278x300.jpg 278w, https:\/\/tecnologicoav.com\/site\/wp-content\/uploads\/2025\/11\/doc_weba-480x518.jpg 480w\" sizes=\"(max-width: 556px) 100vw, 556px\" title=\"Woman programming. Software developer working. Person looking at code\" \/>\t\t\t\t\t\t\t\t\t\t\t\t\t\t\t<\/div>\n\t\t\t\t<\/div>\n\t\t\t\t\t<\/div>\n\t\t<\/div>\n\t\t\t\t\t<\/div>\n\t\t<\/section>\n\t\t\t\t<section class=\"elementor-section elementor-top-section elementor-element elementor-element-0b08e7a elementor-section-boxed elementor-section-height-default elementor-section-height-default\" data-id=\"0b08e7a\" data-element_type=\"section\" data-e-type=\"section\">\n\t\t\t\t\t\t<div class=\"elementor-container elementor-column-gap-default\">\n\t\t\t\t\t<div class=\"elementor-column elementor-col-50 elementor-top-column elementor-element elementor-element-f366b8f\" data-id=\"f366b8f\" data-element_type=\"column\" data-e-type=\"column\">\n\t\t\t<div class=\"elementor-widget-wrap elementor-element-populated\">\n\t\t\t\t\t\t<div class=\"elementor-element elementor-element-e9f36c0 elementor-widget elementor-widget-image\" data-id=\"e9f36c0\" data-element_type=\"widget\" data-e-type=\"widget\" data-widget_type=\"image.default\">\n\t\t\t\t<div class=\"elementor-widget-container\">\n\t\t\t\t\t\t\t\t\t\t\t\t\t\t\t<img decoding=\"async\" width=\"2500\" height=\"2500\" src=\"https:\/\/tecnologicoav.com\/site\/wp-content\/uploads\/2025\/11\/doc_web_3.svg\" class=\"attachment-large size-large wp-image-21599\" alt=\"\" title=\"doc_web_3\" \/>\t\t\t\t\t\t\t\t\t\t\t\t\t\t\t<\/div>\n\t\t\t\t<\/div>\n\t\t\t\t\t<\/div>\n\t\t<\/div>\n\t\t\t\t<div class=\"elementor-column elementor-col-50 elementor-top-column elementor-element elementor-element-31965cc\" data-id=\"31965cc\" data-element_type=\"column\" data-e-type=\"column\">\n\t\t\t<div class=\"elementor-widget-wrap elementor-element-populated\">\n\t\t\t\t\t\t<div class=\"elementor-element-custom_font_size elementor-element-custom_font_weight elementor-element elementor-element-b54f5f1 elementor-widget elementor-widget-text-editor\" data-id=\"b54f5f1\" data-element_type=\"widget\" data-e-type=\"widget\" data-widget_type=\"text-editor.default\">\n\t\t\t\t<div class=\"elementor-widget-container\">\n\t\t\t\t\t\t\t\t\t<h5>PASANT\u00cdA<\/h5>\t\t\t\t\t\t\t\t<\/div>\n\t\t\t\t<\/div>\n\t\t\t\t<div class=\"elementor-element elementor-element-942d1e2 elementor-widget elementor-widget-heading\" data-id=\"942d1e2\" data-element_type=\"widget\" data-e-type=\"widget\" data-widget_type=\"heading.default\">\n\t\t\t\t<div class=\"elementor-widget-container\">\n\t\t\t\t\t<h2 class=\"elementor-heading-title elementor-size-default\">PROCEDIMIENTOS PARA LA CONSIGNACI\u00d3N<\/h2>\t\t\t\t<\/div>\n\t\t\t\t<\/div>\n\t\t\t\t<div class=\"elementor-element-custom_font_size elementor-element elementor-element-1fcc3e7 elementor-widget elementor-widget-text-editor\" data-id=\"1fcc3e7\" data-element_type=\"widget\" data-e-type=\"widget\" data-widget_type=\"text-editor.default\">\n\t\t\t\t<div class=\"elementor-widget-container\">\n\t\t\t\t\t\t\t\t\t<p>3. , el pasante deber\u00e1 descargar los formatos de Evaluaciones de Plan, Informe, Tutor Acad\u00e9mico y Tutor Empresarial junto con el Control de visitas, y entregarlos\u00a0 al Tutor Acad\u00e9mico en una \u201cCarpeta Manila\u201d \u00a0amarilla tama\u00f1o carta, identificada en la pesta\u00f1a con su n\u00famero de c\u00e9dula y nombre completo.<\/p><div><p>4.<strong> Carta de Culminaci\u00f3n de Pasant\u00edas<\/strong>: Descargar el formato, completar correctamente en digital, imprimir 2 copias y consignar ante la Divisi\u00f3n.<\/p><\/div><div><strong>Nota:<\/strong>\u00a0Tambi\u00e9n se reciben emitidas directamente por la empresa donde el pasante realiz\u00f3 las pasant\u00edas; siempre y cuando contenga la siguiente informaci\u00f3n: datos completos de identificaci\u00f3n del pasante, datos completos de identificaci\u00f3n de la empresa, fecha de inicio y fin de pasant\u00edas especificando la cantidad de semanas y horas, evidenciado las\u00a0 320 horas en medio tiempo o tiempo completo que cumpli\u00f3 el pasante en la empresa, cargo a desempe\u00f1ar y departamento al que estuvo adscrito, datos del tutor empresarial y firma y sello de quien emite la aceptaci\u00f3n.\u00a0<\/div>\t\t\t\t\t\t\t\t<\/div>\n\t\t\t\t<\/div>\n\t\t\t\t\t<\/div>\n\t\t<\/div>\n\t\t\t\t\t<\/div>\n\t\t<\/section>\n\t\t\t\t<section class=\"elementor-section elementor-top-section elementor-element elementor-element-273e379 elementor-section-boxed elementor-section-height-default elementor-section-height-default\" data-id=\"273e379\" data-element_type=\"section\" data-e-type=\"section\">\n\t\t\t\t\t\t<div class=\"elementor-container elementor-column-gap-default\">\n\t\t\t\t\t<div class=\"elementor-column elementor-col-50 elementor-top-column elementor-element elementor-element-6dceaa1\" data-id=\"6dceaa1\" data-element_type=\"column\" data-e-type=\"column\">\n\t\t\t<div class=\"elementor-widget-wrap elementor-element-populated\">\n\t\t\t\t\t\t<div class=\"elementor-element-custom_font_size elementor-element-custom_font_weight elementor-element elementor-element-9ca74e8 elementor-widget elementor-widget-text-editor\" data-id=\"9ca74e8\" data-element_type=\"widget\" data-e-type=\"widget\" data-widget_type=\"text-editor.default\">\n\t\t\t\t<div class=\"elementor-widget-container\">\n\t\t\t\t\t\t\t\t\t<h5>PASANT\u00cdA<\/h5>\t\t\t\t\t\t\t\t<\/div>\n\t\t\t\t<\/div>\n\t\t\t\t<div class=\"elementor-element elementor-element-da530c5 elementor-widget elementor-widget-heading\" data-id=\"da530c5\" data-element_type=\"widget\" data-e-type=\"widget\" data-widget_type=\"heading.default\">\n\t\t\t\t<div class=\"elementor-widget-container\">\n\t\t\t\t\t<h2 class=\"elementor-heading-title elementor-size-default\">PROCEDIMIENTOS PARA LA CONSIGNACI\u00d3N<\/h2>\t\t\t\t<\/div>\n\t\t\t\t<\/div>\n\t\t\t\t<div class=\"elementor-element-custom_font_size elementor-element elementor-element-1485cea elementor-widget elementor-widget-text-editor\" data-id=\"1485cea\" data-element_type=\"widget\" data-e-type=\"widget\" data-widget_type=\"text-editor.default\">\n\t\t\t\t<div class=\"elementor-widget-container\">\n\t\t\t\t\t\t\t\t\t<div><p>5.<strong> Carta de Solicitud de Acreditaci\u00f3n de Pasant\u00edas:<\/strong> Descargar el formato completar correctamente en digital, imprimir 2 copias y consignar ante la Divisi\u00f3n junto 1 copia de la Constancia de Inscripci\u00f3n vigente emitida por Control de Estudios y el resto de los documentos solicitados.6.<\/p><p>6. <strong>Solicitud de Acreditaci\u00f3n de Pasant\u00edas:<\/strong>\u00a0Descargar todos los formatos completar correctamente en digital, imprimir 1 copias y consignar ante la Divisi\u00f3n junto la Carta de Solicitud de Acreditaci\u00f3n \u00a01 copia de la Constancia de Inscripci\u00f3n vigente emitida por Control de Estudios.<\/p><\/div><div><strong>Nota:<\/strong>\u00a0Los documentos para la acreditaci\u00f3n de Pasant\u00edas deber\u00e1n ser consignados ante la Divisi\u00f3n por el pasante en una Carpeta Manila amarilla tama\u00f1o carta, identificada en la pesta\u00f1a con su n\u00famero de c\u00e9dula y nombre completo.<\/div>\t\t\t\t\t\t\t\t<\/div>\n\t\t\t\t<\/div>\n\t\t\t\t\t<\/div>\n\t\t<\/div>\n\t\t\t\t<div class=\"elementor-column elementor-col-50 elementor-top-column elementor-element elementor-element-d0af6b7\" data-id=\"d0af6b7\" data-element_type=\"column\" data-e-type=\"column\">\n\t\t\t<div class=\"elementor-widget-wrap elementor-element-populated\">\n\t\t\t\t\t\t<div class=\"elementor-element elementor-element-b10ef28 elementor-widget elementor-widget-image\" data-id=\"b10ef28\" data-element_type=\"widget\" data-e-type=\"widget\" data-widget_type=\"image.default\">\n\t\t\t\t<div class=\"elementor-widget-container\">\n\t\t\t\t\t\t\t\t\t\t\t\t\t\t\t<img decoding=\"async\" width=\"500\" height=\"500\" src=\"https:\/\/tecnologicoav.com\/site\/wp-content\/uploads\/2025\/11\/doc_web_2.svg\" class=\"attachment-large size-large wp-image-21598\" alt=\"\" title=\"doc_web_2\" \/>\t\t\t\t\t\t\t\t\t\t\t\t\t\t\t<\/div>\n\t\t\t\t<\/div>\n\t\t\t\t\t<\/div>\n\t\t<\/div>\n\t\t\t\t\t<\/div>\n\t\t<\/section>\n\t\t\t\t<\/div>\n\t\t","protected":false},"excerpt":{"rendered":"<p>Pasant\u00edas Profesionales Las pasant\u00edas profesionales marcan un hito fundamental en tu carrera dentro del Tecnol\u00f3gico Am\u00e9rico Vespucio. Representan el puente decisivo entre la teor\u00eda adquirida en el aula y la pr\u00e1ctica real en el competitivo mundo laboral. Este es el escenario donde podr\u00e1s aplicar tus conocimientos, desarrollar nuevas competencias, fortalecer tu \u00e9tica de trabajo y [&hellip;]<\/p>\n","protected":false},"author":1,"featured_media":0,"parent":0,"menu_order":0,"comment_status":"closed","ping_status":"closed","template":"","meta":{"inline_featured_image":false,"footnotes":""},"class_list":["post-21487","page","type-page","status-publish","hentry"],"_links":{"self":[{"href":"https:\/\/tecnologicoav.com\/site\/wp-json\/wp\/v2\/pages\/21487","targetHints":{"allow":["GET"]}}],"collection":[{"href":"https:\/\/tecnologicoav.com\/site\/wp-json\/wp\/v2\/pages"}],"about":[{"href":"https:\/\/tecnologicoav.com\/site\/wp-json\/wp\/v2\/types\/page"}],"author":[{"embeddable":true,"href":"https:\/\/tecnologicoav.com\/site\/wp-json\/wp\/v2\/users\/1"}],"replies":[{"embeddable":true,"href":"https:\/\/tecnologicoav.com\/site\/wp-json\/wp\/v2\/comments?post=21487"}],"version-history":[{"count":17,"href":"https:\/\/tecnologicoav.com\/site\/wp-json\/wp\/v2\/pages\/21487\/revisions"}],"predecessor-version":[{"id":21611,"href":"https:\/\/tecnologicoav.com\/site\/wp-json\/wp\/v2\/pages\/21487\/revisions\/21611"}],"wp:attachment":[{"href":"https:\/\/tecnologicoav.com\/site\/wp-json\/wp\/v2\/media?parent=21487"}],"curies":[{"name":"wp","href":"https:\/\/api.w.org\/{rel}","templated":true}]}}