{"id":21498,"date":"2025-11-05T21:51:43","date_gmt":"2025-11-05T21:51:43","guid":{"rendered":"https:\/\/tecnologicoav.com\/site\/?page_id=21498"},"modified":"2026-01-15T15:12:33","modified_gmt":"2026-01-15T15:12:33","slug":"servicio-comunitario","status":"publish","type":"page","link":"https:\/\/tecnologicoav.com\/site\/servicio-comunitario\/","title":{"rendered":"Servicio Comunitario"},"content":{"rendered":"\t\t<div data-elementor-type=\"wp-page\" data-elementor-id=\"21498\" class=\"elementor elementor-21498\">\n\t\t\t\t<div class=\"elementor-element elementor-element-0569161 e-flex e-con-boxed e-con e-parent\" data-id=\"0569161\" data-element_type=\"container\" data-e-type=\"container\">\n\t\t\t\t\t<div class=\"e-con-inner\">\n\t\t\t\t<div class=\"elementor-element elementor-element-d08d474 elementor-widget elementor-widget-heading\" data-id=\"d08d474\" data-element_type=\"widget\" data-e-type=\"widget\" data-widget_type=\"heading.default\">\n\t\t\t\t<div class=\"elementor-widget-container\">\n\t\t\t\t\t<h2 class=\"elementor-heading-title elementor-size-default\">Servicio Comunitario<\/h2>\t\t\t\t<\/div>\n\t\t\t\t<\/div>\n\t\t\t\t<div class=\"elementor-element elementor-element-c1b4f10 elementor-widget elementor-widget-text-editor\" data-id=\"c1b4f10\" data-element_type=\"widget\" data-e-type=\"widget\" data-widget_type=\"text-editor.default\">\n\t\t\t\t<div class=\"elementor-widget-container\">\n\t\t\t\t\t\t\t\t\t<p>El Servicio Comunitario representa la <b>dimensi\u00f3n social y human\u00edstica<\/b> de tu formaci\u00f3n profesional en el Tecnol\u00f3gico Am\u00e9rico Vespucio. Esta es la etapa fundamental donde tu carrera se conecta directamente con las necesidades de nuestro entorno y pones tu talento al servicio de los dem\u00e1s.<\/p><p>Seg\u00fan lo define la Ley de Servicio Comunitario del Estudiante de Educaci\u00f3n Superior (LSCES, Art. 4), esta es la actividad que te permite <b>aplicar los conocimientos cient\u00edficos, t\u00e9cnicos, culturales, deportivos y human\u00edsticos<\/b> adquiridos durante tu formaci\u00f3n acad\u00e9mica. El prop\u00f3sito es ponerlos en pr\u00e1ctica, en beneficio directo de la comunidad, para cooperar activamente con el cumplimiento de los fines del <b>bienestar social<\/b> en el pa\u00eds.<\/p><p>Es fundamental comprender dos puntos clave establecidos en la ley (Art. 6):<\/p><ol><li><b>Es un Requisito de Grado:<\/b> El Servicio Comunitario es un <b>requisito obligatorio e indispensable<\/b> para la obtenci\u00f3n de tu t\u00edtulo de educaci\u00f3n superior.<\/li><li><b>No es un Empleo:<\/b> Esta actividad no crear\u00e1 derechos u obligaciones de car\u00e1cter laboral y, por su naturaleza social, debe prestarse <b>sin remuneraci\u00f3n alguna<\/b>.<\/li><\/ol><p>Para asegurar que este importante proceso de retribuci\u00f3n social sea exitoso, ordenado y cumpla con todos los objetivos legales y acad\u00e9micos, hemos preparado este manual. A continuaci\u00f3n, encontrar\u00e1s todos los <b>procedimientos, fases y requisitos<\/b> para la inscripci\u00f3n, desarrollo y aprobaci\u00f3n de tu proyecto de Servicio Comunitario.<\/p>\t\t\t\t\t\t\t\t<\/div>\n\t\t\t\t<\/div>\n\t\t\t\t\t<\/div>\n\t\t\t\t<\/div>\n\t\t\t\t<section class=\"elementor-section elementor-top-section elementor-element elementor-element-ef54c79 elementor-section-boxed elementor-section-height-default elementor-section-height-default\" data-id=\"ef54c79\" data-element_type=\"section\" data-e-type=\"section\">\n\t\t\t\t\t\t<div class=\"elementor-container elementor-column-gap-default\">\n\t\t\t\t\t<div class=\"elementor-column elementor-col-50 elementor-top-column elementor-element elementor-element-ef9f6a7\" data-id=\"ef9f6a7\" data-element_type=\"column\" data-e-type=\"column\">\n\t\t\t<div class=\"elementor-widget-wrap elementor-element-populated\">\n\t\t\t\t\t\t<div class=\"elementor-element elementor-element-84c663f elementor-widget elementor-widget-image\" data-id=\"84c663f\" data-element_type=\"widget\" data-e-type=\"widget\" data-widget_type=\"image.default\">\n\t\t\t\t<div class=\"elementor-widget-container\">\n\t\t\t\t\t\t\t\t\t\t\t\t\t\t\t<img fetchpriority=\"high\" decoding=\"async\" width=\"940\" height=\"680\" src=\"https:\/\/tecnologicoav.com\/site\/wp-content\/uploads\/2025\/11\/IMAG-SERV-COMUT_02-e1762547753421-1024x741.jpg\" class=\"attachment-large size-large wp-image-21576\" alt=\"\" srcset=\"https:\/\/tecnologicoav.com\/site\/wp-content\/uploads\/2025\/11\/IMAG-SERV-COMUT_02-e1762547753421-1024x741.jpg 1024w, https:\/\/tecnologicoav.com\/site\/wp-content\/uploads\/2025\/11\/IMAG-SERV-COMUT_02-e1762547753421-300x217.jpg 300w, https:\/\/tecnologicoav.com\/site\/wp-content\/uploads\/2025\/11\/IMAG-SERV-COMUT_02-e1762547753421-768x556.jpg 768w, https:\/\/tecnologicoav.com\/site\/wp-content\/uploads\/2025\/11\/IMAG-SERV-COMUT_02-e1762547753421-480x347.jpg 480w, https:\/\/tecnologicoav.com\/site\/wp-content\/uploads\/2025\/11\/IMAG-SERV-COMUT_02-e1762547753421.jpg 1124w\" sizes=\"(max-width: 940px) 100vw, 940px\" title=\"IMAG-SERV-COMUT_02\" \/>\t\t\t\t\t\t\t\t\t\t\t\t\t\t\t<\/div>\n\t\t\t\t<\/div>\n\t\t\t\t\t<\/div>\n\t\t<\/div>\n\t\t\t\t<div class=\"elementor-column elementor-col-50 elementor-top-column elementor-element elementor-element-5449a47\" data-id=\"5449a47\" data-element_type=\"column\" data-e-type=\"column\">\n\t\t\t<div class=\"elementor-widget-wrap elementor-element-populated\">\n\t\t\t\t\t\t<div class=\"elementor-element elementor-element-fa2d9b3 elementor-widget elementor-widget-heading\" data-id=\"fa2d9b3\" data-element_type=\"widget\" data-e-type=\"widget\" data-widget_type=\"heading.default\">\n\t\t\t\t<div class=\"elementor-widget-container\">\n\t\t\t\t\t<h4 class=\"elementor-heading-title elementor-size-default\">ATENCI\u00d3N<\/h4>\t\t\t\t<\/div>\n\t\t\t\t<\/div>\n\t\t\t\t<div class=\"elementor-element-custom_font_size elementor-element elementor-element-28a637c elementor-widget elementor-widget-text-editor\" data-id=\"28a637c\" data-element_type=\"widget\" data-e-type=\"widget\" data-widget_type=\"text-editor.default\">\n\t\t\t\t<div class=\"elementor-widget-container\">\n\t\t\t\t\t\t\t\t\t<p>Se informa a todos los estudiantes que la falsificaci\u00f3n y\/o alteraci\u00f3n de estos y cualquiera de los documentos del Tecnol\u00f3gico acarrear\u00e1 las sanciones disciplinarias que estipule el Reglamento de Sanciones y Procedimientos tec-av.<\/p>\t\t\t\t\t\t\t\t<\/div>\n\t\t\t\t<\/div>\n\t\t\t\t\t<\/div>\n\t\t<\/div>\n\t\t\t\t\t<\/div>\n\t\t<\/section>\n\t\t<div class=\"elementor-element elementor-element-ed7f50b e-grid e-con-boxed e-con e-parent\" data-id=\"ed7f50b\" data-element_type=\"container\" data-e-type=\"container\">\n\t\t\t\t\t<div class=\"e-con-inner\">\n\t\t\t\t<div class=\"elementor-element elementor-element-9b5284c elementor-widget elementor-widget-gt3-core-flipbox\" data-id=\"9b5284c\" data-element_type=\"widget\" data-e-type=\"widget\" data-widget_type=\"gt3-core-flipbox.default\">\n\t\t\t\t<div class=\"elementor-widget-container\">\n\t\t\t\t\t\n\t<div class=\"gt3_services_box to-top \">\n\t\t<div class=\"gt3_services_img_bg services_box-front \" style=\"background-image: url(https:\/\/tecnologicoav.com\/site\/wp-content\/uploads\/2025\/11\/imag-not-005-1024x613.jpg)\">\n\t\t\t<div class=\"gt3_services_box_title \"><div class=\"box_subtitle\">DESCARGA<\/div><div class=\"box_title\" >CARTA DE POSTULACI\u00d3N<\/div><\/div>\t\t<\/div>\n\t\t<div class=\"gt3_services_box_content services_box-back\">\n\t\t\t<div class=\"text_wrap\">Descargue la \"Carta de Postulaci\u00f3n\" a trav\u00e9s de \u00e9ste enlace:<br> \n[HAGA CLIC AQU\u00cd]<\/div>\t\t\t<div class=\"fake_space\"><\/div>\n\t\t<\/div>\n\t\t\t\t<a class=\"gt3_services_box_link\" href=\"https:\/\/tecnologicoav.com\/site\/wp-content\/uploads\/2026\/01\/Carta-de-Postulacion-del-Servicio-Comunitario-2026.docx\" title=\"\">\n\t\t\t\t\t<\/a>\n\t<\/div>\n\t\t\t\t<\/div>\n\t\t\t\t<\/div>\n\t\t\t\t<div class=\"elementor-element elementor-element-b242fa8 elementor-widget elementor-widget-gt3-core-flipbox\" data-id=\"b242fa8\" data-element_type=\"widget\" data-e-type=\"widget\" data-widget_type=\"gt3-core-flipbox.default\">\n\t\t\t\t<div class=\"elementor-widget-container\">\n\t\t\t\t\t\n\t<div class=\"gt3_services_box to-top \">\n\t\t<div class=\"gt3_services_img_bg services_box-front \" style=\"background-image: url(https:\/\/tecnologicoav.com\/site\/wp-content\/uploads\/2025\/11\/serv_comunitorio.jpg)\">\n\t\t\t<div class=\"gt3_services_box_title \"><div class=\"box_subtitle\">DESCARGA<\/div><div class=\"box_title\" >LEY DE SERVICIO COMUNITARIO<\/div><\/div>\t\t<\/div>\n\t\t<div class=\"gt3_services_box_content services_box-back\">\n\t\t\t<div class=\"text_wrap\">Descargue la \"Ley de Servicio comunitario\" a trav\u00e9s de \u00e9ste enlace:<br> \n[HAGA CLIC AQU\u00cd]<\/div>\t\t\t<div class=\"fake_space\"><\/div>\n\t\t<\/div>\n\t\t\t\t<a class=\"gt3_services_box_link\" href=\"#\" title=\"\">\n\t\t\t\t\t<\/a>\n\t<\/div>\n\t\t\t\t<\/div>\n\t\t\t\t<\/div>\n\t\t\t\t<div class=\"elementor-element elementor-element-b17a5fe elementor-widget elementor-widget-gt3-core-flipbox\" data-id=\"b17a5fe\" data-element_type=\"widget\" data-e-type=\"widget\" data-widget_type=\"gt3-core-flipbox.default\">\n\t\t\t\t<div class=\"elementor-widget-container\">\n\t\t\t\t\t\n\t<div class=\"gt3_services_box to-top \">\n\t\t<div class=\"gt3_services_img_bg services_box-front \" style=\"background-image: url(https:\/\/tecnologicoav.com\/site\/wp-content\/uploads\/2025\/11\/formatos.svg)\">\n\t\t\t<div class=\"gt3_services_box_title \"><div class=\"box_subtitle\">DESCARGA<\/div><div class=\"box_title\" >FORMATOS Y PAUTAS<\/div><\/div>\t\t<\/div>\n\t\t<div class=\"gt3_services_box_content services_box-back\">\n\t\t\t<div class=\"text_wrap\">Descargue  \"Formatos y Pautas\" a trav\u00e9s de \u00e9ste enlace:<br> \n[HAGA CLIC AQU\u00cd]<\/div>\t\t\t<div class=\"fake_space\"><\/div>\n\t\t<\/div>\n\t\t\t\t<a class=\"gt3_services_box_link\" href=\"https:\/\/tecnologicoav.com\/site\/wp-content\/uploads\/2026\/01\/Formatos-y-pautas-Servicio-Comunitario-1.docx\" title=\"\">\n\t\t\t\t\t<\/a>\n\t<\/div>\n\t\t\t\t<\/div>\n\t\t\t\t<\/div>\n\t\t\t\t<div class=\"elementor-element elementor-element-97f5402 elementor-widget elementor-widget-gt3-core-flipbox\" data-id=\"97f5402\" data-element_type=\"widget\" data-e-type=\"widget\" data-widget_type=\"gt3-core-flipbox.default\">\n\t\t\t\t<div class=\"elementor-widget-container\">\n\t\t\t\t\t\n\t<div class=\"gt3_services_box to-top \">\n\t\t<div class=\"gt3_services_img_bg services_box-front \" style=\"background-image: url(https:\/\/tecnologicoav.com\/site\/wp-content\/uploads\/2025\/11\/certificado_a.svg)\">\n\t\t\t<div class=\"gt3_services_box_title \"><div class=\"box_subtitle\">DESCARGA<\/div><div class=\"box_title\" >CERTIFICADO DE ASISTENCIA 2025<\/div><\/div>\t\t<\/div>\n\t\t<div class=\"gt3_services_box_content services_box-back\">\n\t\t\t<div class=\"text_wrap\">Descargue el \"Certificad de Asistencia 2025\" a trav\u00e9s de \u00e9ste enlace:<br> \n[HAGA CLIC AQU\u00cd]<\/div>\t\t\t<div class=\"fake_space\"><\/div>\n\t\t<\/div>\n\t\t\t\t<a class=\"gt3_services_box_link\" href=\"https:\/\/tecnologicoav.com\/site\/wp-content\/uploads\/2026\/01\/Certificado-de-Asistencia-al-Servicio-Comunitario-2026.docx\" title=\"\">\n\t\t\t\t\t<\/a>\n\t<\/div>\n\t\t\t\t<\/div>\n\t\t\t\t<\/div>\n\t\t\t\t<div class=\"elementor-element elementor-element-6db9320 elementor-widget elementor-widget-gt3-core-flipbox\" data-id=\"6db9320\" data-element_type=\"widget\" data-e-type=\"widget\" data-widget_type=\"gt3-core-flipbox.default\">\n\t\t\t\t<div class=\"elementor-widget-container\">\n\t\t\t\t\t\n\t<div class=\"gt3_services_box to-top \">\n\t\t<div class=\"gt3_services_img_bg services_box-front \" style=\"background-image: url(https:\/\/tecnologicoav.com\/site\/wp-content\/uploads\/2025\/11\/constancia.svg)\">\n\t\t\t<div class=\"gt3_services_box_title \"><div class=\"box_subtitle\">DESCARGA<\/div><div class=\"box_title\" >CONSTANCIA DE APROBACION 2025<\/div><\/div>\t\t<\/div>\n\t\t<div class=\"gt3_services_box_content services_box-back\">\n\t\t\t<div class=\"text_wrap\">Descargue la \"Constancia de Aprobaci\u00f3n 2025\" a trav\u00e9s de \u00e9ste enlace:<br> \n[HAGA CLIC AQU\u00cd]<\/div>\t\t\t<div class=\"fake_space\"><\/div>\n\t\t<\/div>\n\t\t\t\t<a class=\"gt3_services_box_link\" href=\"https:\/\/tecnologicoav.com\/site\/wp-content\/uploads\/2026\/01\/Constancia-de-Aprobacion-de-Servicio-Comunitario-2023.docx\" title=\"\">\n\t\t\t\t\t<\/a>\n\t<\/div>\n\t\t\t\t<\/div>\n\t\t\t\t<\/div>\n\t\t\t\t\t<\/div>\n\t\t\t\t<\/div>\n\t\t\t\t<\/div>\n\t\t","protected":false},"excerpt":{"rendered":"<p>Servicio Comunitario El Servicio Comunitario representa la dimensi\u00f3n social y human\u00edstica de tu formaci\u00f3n profesional en el Tecnol\u00f3gico Am\u00e9rico Vespucio. Esta es la etapa fundamental donde tu carrera se conecta directamente con las necesidades de nuestro entorno y pones tu talento al servicio de los dem\u00e1s. Seg\u00fan lo define la Ley de Servicio Comunitario del [&hellip;]<\/p>\n","protected":false},"author":1,"featured_media":0,"parent":0,"menu_order":0,"comment_status":"closed","ping_status":"closed","template":"","meta":{"inline_featured_image":false,"footnotes":""},"class_list":["post-21498","page","type-page","status-publish","hentry"],"_links":{"self":[{"href":"https:\/\/tecnologicoav.com\/site\/wp-json\/wp\/v2\/pages\/21498","targetHints":{"allow":["GET"]}}],"collection":[{"href":"https:\/\/tecnologicoav.com\/site\/wp-json\/wp\/v2\/pages"}],"about":[{"href":"https:\/\/tecnologicoav.com\/site\/wp-json\/wp\/v2\/types\/page"}],"author":[{"embeddable":true,"href":"https:\/\/tecnologicoav.com\/site\/wp-json\/wp\/v2\/users\/1"}],"replies":[{"embeddable":true,"href":"https:\/\/tecnologicoav.com\/site\/wp-json\/wp\/v2\/comments?post=21498"}],"version-history":[{"count":34,"href":"https:\/\/tecnologicoav.com\/site\/wp-json\/wp\/v2\/pages\/21498\/revisions"}],"predecessor-version":[{"id":22050,"href":"https:\/\/tecnologicoav.com\/site\/wp-json\/wp\/v2\/pages\/21498\/revisions\/22050"}],"wp:attachment":[{"href":"https:\/\/tecnologicoav.com\/site\/wp-json\/wp\/v2\/media?parent=21498"}],"curies":[{"name":"wp","href":"https:\/\/api.w.org\/{rel}","templated":true}]}}