{"id":21504,"date":"2025-11-06T22:07:21","date_gmt":"2025-11-06T22:07:21","guid":{"rendered":"https:\/\/tecnologicoav.com\/site\/?page_id=21504"},"modified":"2025-12-09T15:55:58","modified_gmt":"2025-12-09T15:55:58","slug":"bienestar-estudiantil","status":"publish","type":"page","link":"https:\/\/tecnologicoav.com\/site\/bienestar-estudiantil\/","title":{"rendered":"Bienestar Estudiantil"},"content":{"rendered":"\t\t<div data-elementor-type=\"wp-page\" data-elementor-id=\"21504\" class=\"elementor elementor-21504\">\n\t\t\t\t<div class=\"elementor-element elementor-element-0569161 e-flex e-con-boxed e-con e-parent\" data-id=\"0569161\" data-element_type=\"container\" data-e-type=\"container\">\n\t\t\t\t\t<div class=\"e-con-inner\">\n\t\t\t\t<div class=\"elementor-element elementor-element-d08d474 elementor-widget elementor-widget-heading\" data-id=\"d08d474\" data-element_type=\"widget\" data-e-type=\"widget\" data-widget_type=\"heading.default\">\n\t\t\t\t<div class=\"elementor-widget-container\">\n\t\t\t\t\t<h2 class=\"elementor-heading-title elementor-size-default\">Bienestar Estudiantil<\/h2>\t\t\t\t<\/div>\n\t\t\t\t<\/div>\n\t\t\t\t<div class=\"elementor-element elementor-element-c1b4f10 elementor-widget elementor-widget-text-editor\" data-id=\"c1b4f10\" data-element_type=\"widget\" data-e-type=\"widget\" data-widget_type=\"text-editor.default\">\n\t\t\t\t<div class=\"elementor-widget-container\">\n\t\t\t\t\t\t\t\t\t<p>En el Tecnol\u00f3gico Am\u00e9rico Vespucio, concebimos tu paso por la universidad como una <b>experiencia de vida integral<\/b>. Entendemos que el \u00e9xito acad\u00e9mico est\u00e1 profundamente ligado a tu bienestar personal, emocional y social.<\/p><p>El \u00e1rea de <b>Bienestar Estudiantil<\/b> es precisamente el pilar dedicado a cuidarte y acompa\u00f1arte en este viaje. Somos tu principal punto de apoyo, un espacio creado para asegurar que tu experiencia en el tec-av sea saludable, enriquecedora y positiva.<\/p><p>Nuestra misi\u00f3n es fomentar tu <b>desarrollo integral<\/b> m\u00e1s all\u00e1 de las aulas, promoviendo un entorno seguro, inclusivo y participativo. Para lograrlo, ponemos a tu disposici\u00f3n un conjunto de servicios, programas y actividades enfocados en:<\/p><ul><li><span style=\"font-size: 14pt;\">Promover la salud f\u00edsica y el bienestar psicol\u00f3gico.<\/span><\/li><li><span style=\"font-size: 14pt;\">Fomentar la integraci\u00f3n y el sentido de pertenencia.<\/span><\/li><li><span style=\"font-size: 14pt;\">Impulsar el desarrollo de tus talentos a trav\u00e9s del deporte, la cultura y la recreaci\u00f3n.<\/span><\/li><li><span style=\"font-size: 14pt;\">Ofrecer orientaci\u00f3n y apoyo oportuno ante cualquier desaf\u00edo que puedas enfrentar.<\/span><\/li><\/ul><p>Esta secci\u00f3n es tu gu\u00eda para conocer todos los recursos, programas y actividades que hemos dise\u00f1ado para ti. Te invitamos a participar activamente y a considerar a Bienestar Estudiantil como tu aliado estrat\u00e9gico para una vida universitaria plena.<\/p>\t\t\t\t\t\t\t\t<\/div>\n\t\t\t\t<\/div>\n\t\t\t\t\t<\/div>\n\t\t\t\t<\/div>\n\t\t\t\t<section class=\"elementor-section elementor-top-section elementor-element elementor-element-ef54c79 elementor-section-boxed elementor-section-height-default elementor-section-height-default\" data-id=\"ef54c79\" data-element_type=\"section\" data-e-type=\"section\">\n\t\t\t\t\t\t<div class=\"elementor-container elementor-column-gap-default\">\n\t\t\t\t\t<div class=\"elementor-column elementor-col-50 elementor-top-column elementor-element elementor-element-5449a47\" data-id=\"5449a47\" data-element_type=\"column\" data-e-type=\"column\">\n\t\t\t<div class=\"elementor-widget-wrap elementor-element-populated\">\n\t\t\t\t\t\t<div class=\"elementor-element-custom_font_size elementor-element elementor-element-28a637c elementor-widget elementor-widget-text-editor\" data-id=\"28a637c\" data-element_type=\"widget\" data-e-type=\"widget\" data-widget_type=\"text-editor.default\">\n\t\t\t\t<div class=\"elementor-widget-container\">\n\t\t\t\t\t\t\t\t\t<div><p><strong><em><u>Objetivo general.<\/u><\/em><\/strong><\/p><p>Promover el desarrollo y crecimiento personal de los estudiantes con la finalidad de crear las competencias necesarias que les faciliten:<\/p><p>1-El proceso de integraci\u00f3n en su ingreso a la instituci\u00f3n.<br \/>2-El desempe\u00f1o excelente en el desarrollo de su carrera.<br \/>3-El egreso y su inserci\u00f3n en el mercado laboral.<\/p><p>\u00a0<\/p><\/div><div><p><strong><em><u>Objetivos espec\u00edficos.<\/u><\/em><\/strong><\/p><p>1-Concientizar a la comunidad universitaria acerca de la necesidad de asesoramiento y orientaci\u00f3n del estudiante en las diferentes etapas de su formaci\u00f3n en el instituto.<br \/>2-Brindar al estudiante herramientas que contribuyan a desarrollar competencias cognitivas, emocionales y actitudinales. Que promuevan su participaci\u00f3n activa en la vida universitaria<br \/>3-Asesorar y facilitar el proceso de resoluci\u00f3n de problemas y toma de decisiones del alumnado universitario tanto en el \u00e1mbito personal, acad\u00e9mico y profesional.<\/p><\/div>\t\t\t\t\t\t\t\t<\/div>\n\t\t\t\t<\/div>\n\t\t\t\t\t<\/div>\n\t\t<\/div>\n\t\t\t\t<div class=\"elementor-column elementor-col-50 elementor-top-column elementor-element elementor-element-ef9f6a7\" data-id=\"ef9f6a7\" data-element_type=\"column\" data-e-type=\"column\">\n\t\t\t<div class=\"elementor-widget-wrap elementor-element-populated\">\n\t\t\t\t\t\t<div class=\"elementor-element elementor-element-84c663f elementor-widget elementor-widget-image\" data-id=\"84c663f\" data-element_type=\"widget\" data-e-type=\"widget\" data-widget_type=\"image.default\">\n\t\t\t\t<div class=\"elementor-widget-container\">\n\t\t\t\t\t\t\t\t\t\t\t\t\t\t\t<img fetchpriority=\"high\" decoding=\"async\" width=\"940\" height=\"940\" src=\"https:\/\/tecnologicoav.com\/site\/wp-content\/uploads\/2025\/11\/imag-bien-estud_02-1024x1024.jpg\" class=\"attachment-large size-large wp-image-21566\" alt=\"\" srcset=\"https:\/\/tecnologicoav.com\/site\/wp-content\/uploads\/2025\/11\/imag-bien-estud_02-1024x1024.jpg 1024w, https:\/\/tecnologicoav.com\/site\/wp-content\/uploads\/2025\/11\/imag-bien-estud_02-300x300.jpg 300w, https:\/\/tecnologicoav.com\/site\/wp-content\/uploads\/2025\/11\/imag-bien-estud_02-150x150.jpg 150w, https:\/\/tecnologicoav.com\/site\/wp-content\/uploads\/2025\/11\/imag-bien-estud_02-768x768.jpg 768w, https:\/\/tecnologicoav.com\/site\/wp-content\/uploads\/2025\/11\/imag-bien-estud_02-480x480.jpg 480w, https:\/\/tecnologicoav.com\/site\/wp-content\/uploads\/2025\/11\/imag-bien-estud_02.jpg 1124w\" sizes=\"(max-width: 940px) 100vw, 940px\" title=\"imag-bien-estud_02\" \/>\t\t\t\t\t\t\t\t\t\t\t\t\t\t\t<\/div>\n\t\t\t\t<\/div>\n\t\t\t\t\t<\/div>\n\t\t<\/div>\n\t\t\t\t\t<\/div>\n\t\t<\/section>\n\t\t\t\t<section class=\"elementor-section elementor-top-section elementor-element elementor-element-0b08e7a elementor-section-boxed elementor-section-height-default elementor-section-height-default\" data-id=\"0b08e7a\" data-element_type=\"section\" data-e-type=\"section\">\n\t\t\t\t\t\t<div class=\"elementor-container elementor-column-gap-default\">\n\t\t\t\t\t<div class=\"elementor-column elementor-col-50 elementor-top-column elementor-element elementor-element-f366b8f\" data-id=\"f366b8f\" data-element_type=\"column\" data-e-type=\"column\">\n\t\t\t<div class=\"elementor-widget-wrap elementor-element-populated\">\n\t\t\t\t\t\t<div class=\"elementor-element elementor-element-e9f36c0 elementor-widget elementor-widget-image\" data-id=\"e9f36c0\" data-element_type=\"widget\" data-e-type=\"widget\" data-widget_type=\"image.default\">\n\t\t\t\t<div class=\"elementor-widget-container\">\n\t\t\t\t\t\t\t\t\t\t\t\t\t\t\t<img decoding=\"async\" width=\"599\" height=\"579\" src=\"https:\/\/tecnologicoav.com\/site\/wp-content\/uploads\/2025\/11\/imag-bien-estud_04-e1762547444129.jpg\" class=\"attachment-large size-large wp-image-21568\" alt=\"\" srcset=\"https:\/\/tecnologicoav.com\/site\/wp-content\/uploads\/2025\/11\/imag-bien-estud_04-e1762547444129.jpg 599w, https:\/\/tecnologicoav.com\/site\/wp-content\/uploads\/2025\/11\/imag-bien-estud_04-e1762547444129-300x290.jpg 300w, https:\/\/tecnologicoav.com\/site\/wp-content\/uploads\/2025\/11\/imag-bien-estud_04-e1762547444129-480x464.jpg 480w\" sizes=\"(max-width: 599px) 100vw, 599px\" title=\"imag-bien-estud_04\" \/>\t\t\t\t\t\t\t\t\t\t\t\t\t\t\t<\/div>\n\t\t\t\t<\/div>\n\t\t\t\t\t<\/div>\n\t\t<\/div>\n\t\t\t\t<div class=\"elementor-column elementor-col-50 elementor-top-column elementor-element elementor-element-31965cc\" data-id=\"31965cc\" data-element_type=\"column\" data-e-type=\"column\">\n\t\t\t<div class=\"elementor-widget-wrap elementor-element-populated\">\n\t\t\t\t\t\t<div class=\"elementor-element-custom_font_size elementor-element elementor-element-1fcc3e7 elementor-widget elementor-widget-text-editor\" data-id=\"1fcc3e7\" data-element_type=\"widget\" data-e-type=\"widget\" data-widget_type=\"text-editor.default\">\n\t\t\t\t<div class=\"elementor-widget-container\">\n\t\t\t\t\t\t\t\t\t<p><strong><em><u>Servicios.<\/u><\/em><\/strong><\/p><p>El servicio de asesoramiento estudiantil ofrecer\u00e1 asistencia profesional especializada a trav\u00e9s de;<\/p><p>1-Atencion Individual.<\/p><p>Asesoramiento a trav\u00e9s de entrevistas personales que facilitan el logro de los objetivos anteriormente descritos.<\/p><p>2.-Atencion grupal.<\/p><p>Experiencias grupales, talleres seminarios, charlas, conferencias, presentaciones presenciales o virtuales que faciliten el logro de los objetivos anteriormente descritos.<\/p><p>3.- Atenci\u00f3n deportiva.<\/p>\t\t\t\t\t\t\t\t<\/div>\n\t\t\t\t<\/div>\n\t\t\t\t\t<\/div>\n\t\t<\/div>\n\t\t\t\t\t<\/div>\n\t\t<\/section>\n\t\t\t\t<section class=\"elementor-section elementor-top-section elementor-element elementor-element-273e379 elementor-section-boxed elementor-section-height-default elementor-section-height-default\" data-id=\"273e379\" data-element_type=\"section\" data-e-type=\"section\">\n\t\t\t\t\t\t<div class=\"elementor-container elementor-column-gap-default\">\n\t\t\t\t\t<div class=\"elementor-column elementor-col-50 elementor-top-column elementor-element elementor-element-6dceaa1\" data-id=\"6dceaa1\" data-element_type=\"column\" data-e-type=\"column\">\n\t\t\t<div class=\"elementor-widget-wrap elementor-element-populated\">\n\t\t\t\t\t\t<div class=\"elementor-element-custom_font_size elementor-element elementor-element-1485cea elementor-widget elementor-widget-text-editor\" data-id=\"1485cea\" data-element_type=\"widget\" data-e-type=\"widget\" data-widget_type=\"text-editor.default\">\n\t\t\t\t<div class=\"elementor-widget-container\">\n\t\t\t\t\t\t\t\t\t<ol><li>Organizar y dirigir la Divisi\u00f3n de Bienestar Estudiantil para lograr\u00a0las actividades de prevenci\u00f3n, formaci\u00f3n y atenci\u00f3n, orientadas al fortalecimiento de actitudes y valores.<\/li><li>Planear, elaborar, ejecutar y dirigir de acuerdo con las pol\u00edticas institucionales los programas generales de la Divisi\u00f3n de Bienestar Estudiantil.<\/li><li>Coordinar actividades con las otras dependencias del instituto promoviendo programas recreativos, acad\u00e9micos, formativos y deportivos que apunten al mejoramiento de la calidad de vida.<\/li><li>Promover la formaci\u00f3n de un sentido cr\u00edtico y de responsabilidad personal, social y familiar a todas aquellas acciones que permitan el desarrollo de todas aquellas acciones involucradas en el proceso educativo.<\/li><li>Controlar que los otras dependencias que se encuentran a su cargo como la biblioteca ,enfermer\u00eda y cafet\u00edn y proyectos deportivos se presten con las debidas medidas de seguridad y en forma adecuada para todo el personal de la comunidad iutavista.<\/li><li>Rendir informes peri\u00f3dicos a la subdirecci\u00f3n acad\u00e9mica sobre el desarrollo de los programas y actividades programadas.<\/li><li>Atender necesidades primarias en salud m\u00e9dica y psicol\u00f3gica de los estudiantes. Para esto, llevar a cabo actividades de difusi\u00f3n, prevenci\u00f3n y asistencia a los profesores y estudiantes del tec-av.<\/li><li>Instrumentar los procedimientos t\u00e9cnicos y administrativos pertenecientes a esta divisi\u00f3n.<\/li><li>Atender y cumplir con los procedimientos, decisiones y medidas disciplinarias relacionadas con el \u00e1mbito de competencia de esta dependencia.<\/li><li>Las dem\u00e1s que le asignen las autoridades\u00a0 universitarias competentes, los reglamentos y otras disposiciones si las hubiese.<\/li><\/ol>\t\t\t\t\t\t\t\t<\/div>\n\t\t\t\t<\/div>\n\t\t\t\t\t<\/div>\n\t\t<\/div>\n\t\t\t\t<div class=\"elementor-column elementor-col-50 elementor-top-column elementor-element elementor-element-d0af6b7\" data-id=\"d0af6b7\" data-element_type=\"column\" data-e-type=\"column\">\n\t\t\t<div class=\"elementor-widget-wrap elementor-element-populated\">\n\t\t\t\t\t\t<div class=\"elementor-element elementor-element-b10ef28 elementor-widget elementor-widget-image\" data-id=\"b10ef28\" data-element_type=\"widget\" data-e-type=\"widget\" data-widget_type=\"image.default\">\n\t\t\t\t<div class=\"elementor-widget-container\">\n\t\t\t\t\t\t\t\t\t\t\t\t\t\t\t<img decoding=\"async\" width=\"667\" height=\"1000\" src=\"https:\/\/tecnologicoav.com\/site\/wp-content\/uploads\/2025\/11\/estudiantes_1.jpg\" class=\"attachment-large size-large wp-image-21636\" alt=\"\" srcset=\"https:\/\/tecnologicoav.com\/site\/wp-content\/uploads\/2025\/11\/estudiantes_1.jpg 667w, https:\/\/tecnologicoav.com\/site\/wp-content\/uploads\/2025\/11\/estudiantes_1-200x300.jpg 200w, https:\/\/tecnologicoav.com\/site\/wp-content\/uploads\/2025\/11\/estudiantes_1-480x720.jpg 480w\" sizes=\"(max-width: 667px) 100vw, 667px\" title=\"estudiantes_1\" \/>\t\t\t\t\t\t\t\t\t\t\t\t\t\t\t<\/div>\n\t\t\t\t<\/div>\n\t\t\t\t\t<\/div>\n\t\t<\/div>\n\t\t\t\t\t<\/div>\n\t\t<\/section>\n\t\t\t\t<\/div>\n\t\t","protected":false},"excerpt":{"rendered":"<p>Bienestar Estudiantil En el Tecnol\u00f3gico Am\u00e9rico Vespucio, concebimos tu paso por la universidad como una experiencia de vida integral. Entendemos que el \u00e9xito acad\u00e9mico est\u00e1 profundamente ligado a tu bienestar personal, emocional y social. El \u00e1rea de Bienestar Estudiantil es precisamente el pilar dedicado a cuidarte y acompa\u00f1arte en este viaje. Somos tu principal punto [&hellip;]<\/p>\n","protected":false},"author":1,"featured_media":0,"parent":0,"menu_order":0,"comment_status":"closed","ping_status":"closed","template":"","meta":{"inline_featured_image":false,"footnotes":""},"class_list":["post-21504","page","type-page","status-publish","hentry"],"_links":{"self":[{"href":"https:\/\/tecnologicoav.com\/site\/wp-json\/wp\/v2\/pages\/21504","targetHints":{"allow":["GET"]}}],"collection":[{"href":"https:\/\/tecnologicoav.com\/site\/wp-json\/wp\/v2\/pages"}],"about":[{"href":"https:\/\/tecnologicoav.com\/site\/wp-json\/wp\/v2\/types\/page"}],"author":[{"embeddable":true,"href":"https:\/\/tecnologicoav.com\/site\/wp-json\/wp\/v2\/users\/1"}],"replies":[{"embeddable":true,"href":"https:\/\/tecnologicoav.com\/site\/wp-json\/wp\/v2\/comments?post=21504"}],"version-history":[{"count":23,"href":"https:\/\/tecnologicoav.com\/site\/wp-json\/wp\/v2\/pages\/21504\/revisions"}],"predecessor-version":[{"id":21861,"href":"https:\/\/tecnologicoav.com\/site\/wp-json\/wp\/v2\/pages\/21504\/revisions\/21861"}],"wp:attachment":[{"href":"https:\/\/tecnologicoav.com\/site\/wp-json\/wp\/v2\/media?parent=21504"}],"curies":[{"name":"wp","href":"https:\/\/api.w.org\/{rel}","templated":true}]}}