{"id":21686,"date":"2025-11-07T21:00:53","date_gmt":"2025-11-07T21:00:53","guid":{"rendered":"https:\/\/tecnologicoav.com\/site\/?page_id=21686"},"modified":"2025-12-09T16:07:11","modified_gmt":"2025-12-09T16:07:11","slug":"software-libre","status":"publish","type":"page","link":"https:\/\/tecnologicoav.com\/site\/software-libre\/","title":{"rendered":"SOFTWARE LIBRE"},"content":{"rendered":"\t\t<div data-elementor-type=\"wp-page\" data-elementor-id=\"21686\" class=\"elementor elementor-21686\">\n\t\t\t\t<div class=\"elementor-element elementor-element-0838478 e-flex e-con-boxed e-con e-parent\" data-id=\"0838478\" data-element_type=\"container\" data-e-type=\"container\">\n\t\t\t\t\t<div class=\"e-con-inner\">\n\t\t<div class=\"elementor-element elementor-element-5c4085b e-con-full e-flex e-con e-child\" data-id=\"5c4085b\" data-element_type=\"container\" data-e-type=\"container\">\n\t\t\t\t<div class=\"elementor-element elementor-element-59b8d3d elementor-widget elementor-widget-spacer\" data-id=\"59b8d3d\" data-element_type=\"widget\" data-e-type=\"widget\" data-widget_type=\"spacer.default\">\n\t\t\t\t<div class=\"elementor-widget-container\">\n\t\t\t\t\t\t\t<div class=\"elementor-spacer\">\n\t\t\t<div class=\"elementor-spacer-inner\"><\/div>\n\t\t<\/div>\n\t\t\t\t\t\t<\/div>\n\t\t\t\t<\/div>\n\t\t\t\t<div class=\"elementor-element elementor-element-d286799 elementor-widget elementor-widget-image\" data-id=\"d286799\" data-element_type=\"widget\" data-e-type=\"widget\" data-widget_type=\"image.default\">\n\t\t\t\t<div class=\"elementor-widget-container\">\n\t\t\t\t\t\t\t\t\t\t\t\t\t\t\t<img fetchpriority=\"high\" decoding=\"async\" width=\"520\" height=\"450\" src=\"https:\/\/tecnologicoav.com\/site\/wp-content\/uploads\/2025\/11\/diplomado-7.jpg\" class=\"attachment-large size-large wp-image-21694\" alt=\"\" srcset=\"https:\/\/tecnologicoav.com\/site\/wp-content\/uploads\/2025\/11\/diplomado-7.jpg 520w, https:\/\/tecnologicoav.com\/site\/wp-content\/uploads\/2025\/11\/diplomado-7-300x260.jpg 300w, https:\/\/tecnologicoav.com\/site\/wp-content\/uploads\/2025\/11\/diplomado-7-480x415.jpg 480w\" sizes=\"(max-width: 520px) 100vw, 520px\" title=\"diplomado-7\" \/>\t\t\t\t\t\t\t\t\t\t\t\t\t\t\t<\/div>\n\t\t\t\t<\/div>\n\t\t\t\t<\/div>\n\t\t<div class=\"elementor-element elementor-element-69366c7 e-con-full e-flex e-con e-child\" data-id=\"69366c7\" data-element_type=\"container\" data-e-type=\"container\">\n\t\t\t\t<div class=\"elementor-element elementor-element-a555733 elementor-widget elementor-widget-heading\" data-id=\"a555733\" data-element_type=\"widget\" data-e-type=\"widget\" data-widget_type=\"heading.default\">\n\t\t\t\t<div class=\"elementor-widget-container\">\n\t\t\t\t\t<h2 class=\"elementor-heading-title elementor-size-default\">DIPLOMADO SOFTWARE LIBRE\n<\/h2>\t\t\t\t<\/div>\n\t\t\t\t<\/div>\n\t\t\t\t<div class=\"elementor-element elementor-element-1904049 elementor-widget elementor-widget-text-editor\" data-id=\"1904049\" data-element_type=\"widget\" data-e-type=\"widget\" data-widget_type=\"text-editor.default\">\n\t\t\t\t<div class=\"elementor-widget-container\">\n\t\t\t\t\t\t\t\t\t<p>El software libre es la autonom\u00eda que tienen los usuarios de estudiar, ejecutar, modificar y distribuir el software para un fin concreto.<\/p><p>El diplomado proporcionar\u00e1 al participante un conjunto de herramientas que le permitan el desarrollo de habilidades, destrezas y criterios propios para abordar cualquier proyecto relacionado al software libre. As\u00ed mismo, el participante estar\u00e1 en capacidad de identificar falencias que arriesguen los procesos propios del software libre y de coordinar los diferentes elementos para realizar los m\u00faltiples procesos de manera segura y confiable.<\/p><p>De acuerdo a lo planteado anteriormente, el diplomado del software libre le brindar\u00e1 a los participantes experiencias de aprendizaje orientadas a la aplicaci\u00f3n de t\u00e9cnicas y herramientas para abaratar costos en proyectos dependiendo de su naturaleza y as\u00ed acelerar el desarrollo de los mismos al presentar menos restricciones<\/p>\t\t\t\t\t\t\t\t<\/div>\n\t\t\t\t<\/div>\n\t\t\t\t<div class=\"elementor-element elementor-element-ad3a355 elementor-widget elementor-widget-spacer\" data-id=\"ad3a355\" data-element_type=\"widget\" data-e-type=\"widget\" data-widget_type=\"spacer.default\">\n\t\t\t\t<div class=\"elementor-widget-container\">\n\t\t\t\t\t\t\t<div class=\"elementor-spacer\">\n\t\t\t<div class=\"elementor-spacer-inner\"><\/div>\n\t\t<\/div>\n\t\t\t\t\t\t<\/div>\n\t\t\t\t<\/div>\n\t\t\t\t<\/div>\n\t\t\t\t\t<\/div>\n\t\t\t\t<\/div>\n\t\t<div class=\"elementor-element elementor-element-ae2e538 e-flex e-con-boxed e-con e-parent\" data-id=\"ae2e538\" data-element_type=\"container\" data-e-type=\"container\">\n\t\t\t\t\t<div class=\"e-con-inner\">\n\t\t<div class=\"elementor-element elementor-element-0eb29a1 e-con-full e-flex e-con e-child\" data-id=\"0eb29a1\" data-element_type=\"container\" data-e-type=\"container\">\n\t\t\t\t<div class=\"elementor-element elementor-element-f2a3364 elementor-widget elementor-widget-heading\" data-id=\"f2a3364\" data-element_type=\"widget\" data-e-type=\"widget\" data-widget_type=\"heading.default\">\n\t\t\t\t<div class=\"elementor-widget-container\">\n\t\t\t\t\t<h3 class=\"elementor-heading-title elementor-size-default\">El diplomado est\u00e1 dirigido a:\u00a0<\/h3>\t\t\t\t<\/div>\n\t\t\t\t<\/div>\n\t\t\t\t<div class=\"elementor-element elementor-element-bea3d34 elementor-widget elementor-widget-text-editor\" data-id=\"bea3d34\" data-element_type=\"widget\" data-e-type=\"widget\" data-widget_type=\"text-editor.default\">\n\t\t\t\t<div class=\"elementor-widget-container\">\n\t\t\t\t\t\t\t\t\t<ul><li>Administrador de Proyectos de Tecnolog\u00eda de la Informaci\u00f3n.<\/li><li>Desarrollador de Sistema Inform\u00e1tico.<\/li><li>Analista de Soporte T\u00e9cnico.<\/li><li>T\u00e9cnico Superior Universitario en Inform\u00e1tica.<\/li><li>Licenciado en Computaci\u00f3n y afines.<\/li><li>Ingeniero en Sistema y similares.<\/li><li>Otros, profesionales con experticia comprobada.<\/li><\/ul>\t\t\t\t\t\t\t\t<\/div>\n\t\t\t\t<\/div>\n\t\t\t\t<div class=\"elementor-element elementor-element-708886d elementor-widget elementor-widget-heading\" data-id=\"708886d\" data-element_type=\"widget\" data-e-type=\"widget\" data-widget_type=\"heading.default\">\n\t\t\t\t<div class=\"elementor-widget-container\">\n\t\t\t\t\t<h3 class=\"elementor-heading-title elementor-size-default\">Duraci\u00f3n:<\/h3>\t\t\t\t<\/div>\n\t\t\t\t<\/div>\n\t\t\t\t<div class=\"elementor-element elementor-element-31fa43e elementor-widget elementor-widget-text-editor\" data-id=\"31fa43e\" data-element_type=\"widget\" data-e-type=\"widget\" data-widget_type=\"text-editor.default\">\n\t\t\t\t<div class=\"elementor-widget-container\">\n\t\t\t\t\t\t\t\t\t<p>El diplomado tendr\u00e1 una duraci\u00f3n de catorce (14) semanas. El mismo est\u00e1 estructurado en tres m\u00f3dulos a ser desarrollados en 130 horas acad\u00e9micas.<\/p>\t\t\t\t\t\t\t\t<\/div>\n\t\t\t\t<\/div>\n\t\t\t\t<div class=\"elementor-element elementor-element-e291662 elementor-widget elementor-widget-heading\" data-id=\"e291662\" data-element_type=\"widget\" data-e-type=\"widget\" data-widget_type=\"heading.default\">\n\t\t\t\t<div class=\"elementor-widget-container\">\n\t\t\t\t\t<h3 class=\"elementor-heading-title elementor-size-default\">Lugar de realizaci\u00f3n:<\/h3>\t\t\t\t<\/div>\n\t\t\t\t<\/div>\n\t\t\t\t<div class=\"elementor-element elementor-element-4b4430b elementor-widget elementor-widget-text-editor\" data-id=\"4b4430b\" data-element_type=\"widget\" data-e-type=\"widget\" data-widget_type=\"text-editor.default\">\n\t\t\t\t<div class=\"elementor-widget-container\">\n\t\t\t\t\t\t\t\t\t<p>Desde la multi-modalidad, seg\u00fan sea el caso, previo acuerdo entre los participantes y el facilitador. A trav\u00e9s del Campus Virtual del Tecnol\u00f3gico Am\u00e9rico Vespucio se administrar\u00e1n los procesos de ense\u00f1anza- aprendizaje y las actividades te\u00f3rico-pr\u00e1cticas.<\/p>\t\t\t\t\t\t\t\t<\/div>\n\t\t\t\t<\/div>\n\t\t\t\t<div class=\"elementor-element elementor-element-b267082 elementor-widget elementor-widget-heading\" data-id=\"b267082\" data-element_type=\"widget\" data-e-type=\"widget\" data-widget_type=\"heading.default\">\n\t\t\t\t<div class=\"elementor-widget-container\">\n\t\t\t\t\t<h3 class=\"elementor-heading-title elementor-size-default\">Requisitos de ingreso<\/h3>\t\t\t\t<\/div>\n\t\t\t\t<\/div>\n\t\t\t\t<div class=\"elementor-element elementor-element-f7900fe elementor-widget elementor-widget-text-editor\" data-id=\"f7900fe\" data-element_type=\"widget\" data-e-type=\"widget\" data-widget_type=\"text-editor.default\">\n\t\t\t\t<div class=\"elementor-widget-container\">\n\t\t\t\t\t\t\t\t\t<ul><li>Entrevista con el coordinador del diplomado<\/li><li>Copia del t\u00edtulo de pregrado<\/li><li>Llenar la solicitud de ingreso<\/li><li>Otros que se consideren pertinentes en funci\u00f3n del objetivo general del diplomado<\/li><\/ul>\t\t\t\t\t\t\t\t<\/div>\n\t\t\t\t<\/div>\n\t\t\t\t<div class=\"elementor-element elementor-element-5a41d28 elementor-widget elementor-widget-spacer\" data-id=\"5a41d28\" data-element_type=\"widget\" data-e-type=\"widget\" data-widget_type=\"spacer.default\">\n\t\t\t\t<div class=\"elementor-widget-container\">\n\t\t\t\t\t\t\t<div class=\"elementor-spacer\">\n\t\t\t<div class=\"elementor-spacer-inner\"><\/div>\n\t\t<\/div>\n\t\t\t\t\t\t<\/div>\n\t\t\t\t<\/div>\n\t\t\t\t<\/div>\n\t\t<div class=\"elementor-element elementor-element-26f9310 e-con-full e-flex e-con e-child\" data-id=\"26f9310\" data-element_type=\"container\" data-e-type=\"container\">\n\t\t\t\t<div class=\"elementor-element elementor-element-83f9e66 elementor-widget elementor-widget-spacer\" data-id=\"83f9e66\" data-element_type=\"widget\" data-e-type=\"widget\" data-widget_type=\"spacer.default\">\n\t\t\t\t<div class=\"elementor-widget-container\">\n\t\t\t\t\t\t\t<div class=\"elementor-spacer\">\n\t\t\t<div class=\"elementor-spacer-inner\"><\/div>\n\t\t<\/div>\n\t\t\t\t\t\t<\/div>\n\t\t\t\t<\/div>\n\t\t\t\t<div class=\"elementor-element elementor-element-aacc035 elementor-widget elementor-widget-image\" data-id=\"aacc035\" data-element_type=\"widget\" data-e-type=\"widget\" data-widget_type=\"image.default\">\n\t\t\t\t<div class=\"elementor-widget-container\">\n\t\t\t\t\t\t\t\t\t\t\t\t\t\t\t<img decoding=\"async\" width=\"520\" height=\"450\" src=\"https:\/\/tecnologicoav.com\/site\/wp-content\/uploads\/2025\/11\/diplomado-8.jpg\" class=\"attachment-large size-large wp-image-21695\" alt=\"\" srcset=\"https:\/\/tecnologicoav.com\/site\/wp-content\/uploads\/2025\/11\/diplomado-8.jpg 520w, https:\/\/tecnologicoav.com\/site\/wp-content\/uploads\/2025\/11\/diplomado-8-300x260.jpg 300w, https:\/\/tecnologicoav.com\/site\/wp-content\/uploads\/2025\/11\/diplomado-8-480x415.jpg 480w\" sizes=\"(max-width: 520px) 100vw, 520px\" title=\"diplomado-8\" \/>\t\t\t\t\t\t\t\t\t\t\t\t\t\t\t<\/div>\n\t\t\t\t<\/div>\n\t\t\t\t<\/div>\n\t\t\t\t\t<\/div>\n\t\t\t\t<\/div>\n\t\t<div class=\"elementor-element elementor-element-6acea21 e-flex e-con-boxed e-con e-parent\" data-id=\"6acea21\" data-element_type=\"container\" data-e-type=\"container\">\n\t\t\t\t\t<div class=\"e-con-inner\">\n\t\t<div class=\"elementor-element elementor-element-5653937 e-con-full e-flex e-con e-child\" data-id=\"5653937\" data-element_type=\"container\" data-e-type=\"container\">\n\t\t\t\t<div class=\"elementor-element elementor-element-ce90023 elementor-widget elementor-widget-image\" data-id=\"ce90023\" data-element_type=\"widget\" data-e-type=\"widget\" data-widget_type=\"image.default\">\n\t\t\t\t<div class=\"elementor-widget-container\">\n\t\t\t\t\t\t\t\t\t\t\t\t\t\t\t<img decoding=\"async\" width=\"520\" height=\"450\" src=\"https:\/\/tecnologicoav.com\/site\/wp-content\/uploads\/2025\/11\/diplomado-9.jpg\" class=\"attachment-large size-large wp-image-21696\" alt=\"\" srcset=\"https:\/\/tecnologicoav.com\/site\/wp-content\/uploads\/2025\/11\/diplomado-9.jpg 520w, https:\/\/tecnologicoav.com\/site\/wp-content\/uploads\/2025\/11\/diplomado-9-300x260.jpg 300w, https:\/\/tecnologicoav.com\/site\/wp-content\/uploads\/2025\/11\/diplomado-9-480x415.jpg 480w\" sizes=\"(max-width: 520px) 100vw, 520px\" title=\"diplomado-9\" \/>\t\t\t\t\t\t\t\t\t\t\t\t\t\t\t<\/div>\n\t\t\t\t<\/div>\n\t\t\t\t<\/div>\n\t\t<div class=\"elementor-element elementor-element-fc90ff8 e-con-full e-flex e-con e-child\" data-id=\"fc90ff8\" data-element_type=\"container\" data-e-type=\"container\">\n\t\t\t\t<div class=\"elementor-element elementor-element-8efa982 elementor-widget elementor-widget-heading\" data-id=\"8efa982\" data-element_type=\"widget\" data-e-type=\"widget\" data-widget_type=\"heading.default\">\n\t\t\t\t<div class=\"elementor-widget-container\">\n\t\t\t\t\t<h3 class=\"elementor-heading-title elementor-size-default\">Contenido<\/h3>\t\t\t\t<\/div>\n\t\t\t\t<\/div>\n\t\t\t\t<div class=\"elementor-element elementor-element-631c8ea elementor-widget elementor-widget-text-editor\" data-id=\"631c8ea\" data-element_type=\"widget\" data-e-type=\"widget\" data-widget_type=\"text-editor.default\">\n\t\t\t\t<div class=\"elementor-widget-container\">\n\t\t\t\t\t\t\t\t\t<div><strong>M\u00f3dulo 1.- INTRODUCCI\u00d3N AL SOFTWARE LIBRE:<\/strong><\/div><ul><li>1.1.- Introducci\u00f3n al Software Libre<\/li><li>1.2.- Introducci\u00f3n a GNU \/ Linux<\/li><li>1.3.- Din\u00e1micas de la comunidad de Software Libre<\/li><\/ul><div><strong>M\u00f3dulo 2.- DESARROLLO DE SOFTWARE LIBRE:<\/strong><\/div><ul><li>2.1- Ingenier\u00eda del software y Software Libre<\/li><li>2.2.- Calidad en desarrollo de Software Libre<\/li><li>2.3.- Desarrollo de Software Libre<\/li><\/ul><div><strong>M\u00f3dulo 3. SOFTWARE LIBRE Y DESARROLLO TECNOL\u00d3GICO:<\/strong><\/div><ul><li>3.1.- Integraci\u00f3n de sistemas<\/li><li>3.2.- Impulso del Software Libre<\/li><li>3.3.- Gerencia de proyectos en Software Libre<\/li><\/ul>\t\t\t\t\t\t\t\t<\/div>\n\t\t\t\t<\/div>\n\t\t\t\t<div class=\"elementor-element elementor-element-49856cd elementor-widget elementor-widget-spacer\" data-id=\"49856cd\" data-element_type=\"widget\" data-e-type=\"widget\" data-widget_type=\"spacer.default\">\n\t\t\t\t<div class=\"elementor-widget-container\">\n\t\t\t\t\t\t\t<div class=\"elementor-spacer\">\n\t\t\t<div class=\"elementor-spacer-inner\"><\/div>\n\t\t<\/div>\n\t\t\t\t\t\t<\/div>\n\t\t\t\t<\/div>\n\t\t\t\t<\/div>\n\t\t\t\t\t<\/div>\n\t\t\t\t<\/div>\n\t\t\t\t<section class=\"elementor-section elementor-top-section elementor-element elementor-element-11249b6 elementor-section-boxed elementor-section-height-default elementor-section-height-default\" data-id=\"11249b6\" data-element_type=\"section\" data-e-type=\"section\" data-settings=\"{&quot;background_background&quot;:&quot;classic&quot;}\">\n\t\t\t\t\t\t<div class=\"elementor-container elementor-column-gap-default\">\n\t\t\t\t\t<div class=\"elementor-column elementor-col-50 elementor-top-column elementor-element elementor-element-e7ae814\" data-id=\"e7ae814\" data-element_type=\"column\" data-e-type=\"column\">\n\t\t\t<div class=\"elementor-widget-wrap elementor-element-populated\">\n\t\t\t\t\t\t<div class=\"elementor-element elementor-element-55c18e5 elementor-widget elementor-widget-spacer\" data-id=\"55c18e5\" data-element_type=\"widget\" data-e-type=\"widget\" data-widget_type=\"spacer.default\">\n\t\t\t\t<div class=\"elementor-widget-container\">\n\t\t\t\t\t\t\t<div class=\"elementor-spacer\">\n\t\t\t<div class=\"elementor-spacer-inner\"><\/div>\n\t\t<\/div>\n\t\t\t\t\t\t<\/div>\n\t\t\t\t<\/div>\n\t\t\t\t<div class=\"elementor-element elementor-element-7a7d931 elementor-position-left elementor-vertical-align-middle elementor-widget elementor-widget-gt3-core-imagebox\" data-id=\"7a7d931\" data-element_type=\"widget\" data-e-type=\"widget\" data-widget_type=\"gt3-core-imagebox.default\">\n\t\t\t\t<div class=\"elementor-widget-container\">\n\t\t\t\t\t<div class=\"gt3-core-imagebox-wrapper elementor-image_icon-position-default\"><figure class=\"gt3-core-imagebox-img\"><img loading=\"lazy\" decoding=\"async\" width=\"94\" height=\"82\" src=\"https:\/\/tecnologicoav.com\/site\/wp-content\/uploads\/2019\/07\/img_box_10.png\" class=\"attachment-full size-full wp-image-1028\" alt=\"\" title=\"img_box_10\" \/><\/figure><div class=\"gt3-core-imagebox-content\"><div class=\"gt3-core-imagebox-title\"><h2 class=\"gt3-core-imagebox-title\">Mantente Conectado con<br> el tec-av<\/h2><\/div><p class=\"gt3-core-imagebox-description\">Recibe informaci\u00f3n sobre nuestras carreras, eventos, cursos de extensi\u00f3n y pr\u00f3ximos procesos de inscripci\u00f3n directamente en tu correo.<\/p><\/div><\/div>\t\t\t\t<\/div>\n\t\t\t\t<\/div>\n\t\t\t\t<div class=\"elementor-element elementor-element-c63bd4d elementor-widget elementor-widget-spacer\" data-id=\"c63bd4d\" data-element_type=\"widget\" data-e-type=\"widget\" data-widget_type=\"spacer.default\">\n\t\t\t\t<div class=\"elementor-widget-container\">\n\t\t\t\t\t\t\t<div class=\"elementor-spacer\">\n\t\t\t<div class=\"elementor-spacer-inner\"><\/div>\n\t\t<\/div>\n\t\t\t\t\t\t<\/div>\n\t\t\t\t<\/div>\n\t\t\t\t\t<\/div>\n\t\t<\/div>\n\t\t\t\t<div class=\"elementor-column elementor-col-50 elementor-top-column elementor-element elementor-element-387d734\" data-id=\"387d734\" data-element_type=\"column\" data-e-type=\"column\">\n\t\t\t<div class=\"elementor-widget-wrap elementor-element-populated\">\n\t\t\t\t\t\t<div class=\"elementor-element elementor-element-efbdcc7 elementor-widget elementor-widget-spacer\" data-id=\"efbdcc7\" data-element_type=\"widget\" data-e-type=\"widget\" data-widget_type=\"spacer.default\">\n\t\t\t\t<div class=\"elementor-widget-container\">\n\t\t\t\t\t\t\t<div class=\"elementor-spacer\">\n\t\t\t<div class=\"elementor-spacer-inner\"><\/div>\n\t\t<\/div>\n\t\t\t\t\t\t<\/div>\n\t\t\t\t<\/div>\n\t\t\t\t<div class=\"elementor-element elementor-element-89e5ea9 fluent-form-widget-step-header-yes fluent-form-widget-step-progressbar-yes fluentform-widget-submit-button-custom elementor-widget elementor-widget-fluent-form-widget\" data-id=\"89e5ea9\" data-element_type=\"widget\" data-e-type=\"widget\" data-widget_type=\"fluent-form-widget.default\">\n\t\t\t\t<div class=\"elementor-widget-container\">\n\t\t\t\t\t\n            <div class=\"fluentform-widget-wrapper fluentform-widget-align-default\">\n\n            \n            <div class='fluentform ff-default fluentform_wrapper_2 ffs_default_wrap'><form data-form_id=\"2\" id=\"fluentform_2\" class=\"frm-fluent-form fluent_form_2 ff-el-form-top ff_form_instance_2_1 ff-form-loading ffs_default\" data-form_instance=\"ff_form_instance_2_1\" method=\"POST\" ><fieldset  style=\"border: none!important;margin: 0!important;padding: 0!important;background-color: transparent!important;box-shadow: none!important;outline: none!important; min-inline-size: 100%;\">\n                    <legend class=\"ff_screen_reader_title\" style=\"display: block; margin: 0!important;padding: 0!important;height: 0!important;text-indent: -999999px;width: 0!important;overflow:hidden;\">FORM - SUSCRIPCI\u00d3N<\/legend><input type='hidden' name='__fluent_form_embded_post_id' value='21686' \/><input type=\"hidden\" id=\"_fluentform_2_fluentformnonce\" name=\"_fluentform_2_fluentformnonce\" value=\"d79a8bb423\" \/><input type=\"hidden\" name=\"_wp_http_referer\" value=\"\/site\/wp-json\/wp\/v2\/pages\/21686\" \/><div data-name=\"ff_cn_id_1\"  class='ff-t-container ff-column-container ff_columns_total_2 '><div class='ff-t-cell ff-t-column-1' style='flex-basis: 50%;'><div class='ff-el-group'><div class='ff-el-input--content'><input type=\"email\" name=\"email\" id=\"ff_2_email\" class=\"ff-el-form-control\" placeholder=\"Su direcci\u00f3n... Ej. nombre@dominio.com\" data-name=\"email\"  aria-invalid=\"false\" aria-required=true><\/div><\/div><\/div><div class='ff-t-cell ff-t-column-2' style='flex-basis: 50%;'><div class='ff-el-group ff-text-left ff_submit_btn_wrapper ff_submit_btn_wrapper_custom'><button class=\"ff-btn ff-btn-submit ff-btn-md ff_btn_style wpf_has_custom_css\" type=\"submit\" name=\"custom_submit_button-2_1\" data-name=\"custom_submit_button-2_1\"  aria-label=\"Suscribirse\">Suscribirse<\/button><style>form.fluent_form_2 .wpf_has_custom_css.ff-btn-submit { background-color:rgba(251, 139, 26, 1);border-color:rgba(251, 94, 26, 1);color:#ffffff;min-width:100%; }form.fluent_form_2 .wpf_has_custom_css.ff-btn-submit:hover { background-color:#ffffff;border-color:rgba(251, 139, 26, 1);color:rgba(251, 139, 26, 1);min-width:100%; } <\/style><\/div><\/div><\/div><\/fieldset><\/form><div id='fluentform_2_errors' class='ff-errors-in-stack ff_form_instance_2_1 ff-form-loading_errors ff_form_instance_2_1_errors'><\/div><\/div>            <script type=\"text\/javascript\">\n                window.fluent_form_ff_form_instance_2_1 = {\"id\":\"2\",\"ajaxUrl\":\"https:\\\/\\\/tecnologicoav.com\\\/site\\\/wp-admin\\\/admin-ajax.php\",\"settings\":{\"layout\":{\"labelPlacement\":\"top\",\"helpMessagePlacement\":\"with_label\",\"errorMessagePlacement\":\"inline\",\"asteriskPlacement\":\"asterisk-right\"},\"restrictions\":{\"denyEmptySubmission\":{\"enabled\":false}}},\"form_instance\":\"ff_form_instance_2_1\",\"form_id_selector\":\"fluentform_2\",\"rules\":{\"email\":{\"required\":{\"value\":true,\"message\":\"This field is required\",\"global\":false,\"global_message\":\"Este campo es obligatorio\"},\"email\":{\"value\":true,\"message\":\"This field must contain a valid email\",\"global\":false,\"global_message\":\"Este campo debe contener un correo electr\\u00f3nico v\\u00e1lido\"}}},\"debounce_time\":300};\n                            <\/script>\n                        <\/div>\n\n            \t\t\t\t<\/div>\n\t\t\t\t<\/div>\n\t\t\t\t\t<\/div>\n\t\t<\/div>\n\t\t\t\t\t<\/div>\n\t\t<\/section>\n\t\t\t\t<\/div>\n\t\t","protected":false},"excerpt":{"rendered":"<p>DIPLOMADO SOFTWARE LIBRE El software libre es la autonom\u00eda que tienen los usuarios de estudiar, ejecutar, modificar y distribuir el software para un fin concreto. El diplomado proporcionar\u00e1 al participante un conjunto de herramientas que le permitan el desarrollo de habilidades, destrezas y criterios propios para abordar cualquier proyecto relacionado al software libre. As\u00ed mismo, [&hellip;]<\/p>\n","protected":false},"author":3,"featured_media":0,"parent":0,"menu_order":0,"comment_status":"closed","ping_status":"closed","template":"elementor_header_footer","meta":{"inline_featured_image":false,"footnotes":""},"class_list":["post-21686","page","type-page","status-publish","hentry"],"_links":{"self":[{"href":"https:\/\/tecnologicoav.com\/site\/wp-json\/wp\/v2\/pages\/21686","targetHints":{"allow":["GET"]}}],"collection":[{"href":"https:\/\/tecnologicoav.com\/site\/wp-json\/wp\/v2\/pages"}],"about":[{"href":"https:\/\/tecnologicoav.com\/site\/wp-json\/wp\/v2\/types\/page"}],"author":[{"embeddable":true,"href":"https:\/\/tecnologicoav.com\/site\/wp-json\/wp\/v2\/users\/3"}],"replies":[{"embeddable":true,"href":"https:\/\/tecnologicoav.com\/site\/wp-json\/wp\/v2\/comments?post=21686"}],"version-history":[{"count":10,"href":"https:\/\/tecnologicoav.com\/site\/wp-json\/wp\/v2\/pages\/21686\/revisions"}],"predecessor-version":[{"id":21870,"href":"https:\/\/tecnologicoav.com\/site\/wp-json\/wp\/v2\/pages\/21686\/revisions\/21870"}],"wp:attachment":[{"href":"https:\/\/tecnologicoav.com\/site\/wp-json\/wp\/v2\/media?parent=21686"}],"curies":[{"name":"wp","href":"https:\/\/api.w.org\/{rel}","templated":true}]}}